{"id":27,"date":"2021-05-03T14:34:01","date_gmt":"2021-05-03T14:34:01","guid":{"rendered":"https:\/\/www.plastischedemokratie.de\/?page_id=27"},"modified":"2021-11-15T15:38:33","modified_gmt":"2021-11-15T15:38:33","slug":"kontakt-imprint","status":"publish","type":"page","link":"https:\/\/www.plastischedemokratie.de\/en\/kontakt-imprint\/","title":{"rendered":"Contact \/ Funding \/ Imprint"},"content":{"rendered":"<h1><strong>CONTACT<\/strong><\/h1>\n<h3><strong>Artistic Direction<\/strong><\/h3>\n<p><span style=\"font-weight: 400;\">Prof. Dr. Eugen Blume (beuys 2021)<\/span><\/p>\n<p><span style=\"font-weight: 400;\">Dr. Catherine Nichols (beuys 2021)<\/span><\/p>\n<p><span style=\"font-weight: 400;\">Prof. Markus Bader (raumlaborberlin)<\/span><\/p>\n<p><span style=\"font-weight: 400;\">Frauke Gerstenberg (raumlaborberlin)<\/span><\/p>\n<p><span style=\"font-weight: 400;\">Andrea Hofmann (raumlaborberlin)<\/span><\/p>\n<p><span style=\"font-weight: 400;\">Prof. Dr. Ludger Schwarte (Kunstakademie D\u00fcsseldorf)<\/span><\/p>\n<p><span style=\"font-weight: 400;\">Prof. Dr. Timo Skrandies (Heinrich-Heine-Universit\u00e4t D\u00fcsseldorf)<\/span><\/p>\n<p><span style=\"font-weight: 400;\">\u00a0<\/span><\/p>\n<h3><strong>Project Management<\/strong><\/h3>\n<p><span style=\"font-weight: 400;\">Anne-Marie Franz<\/span><\/p>\n<p><span style=\"font-weight: 400;\">Miriam Kassens<\/span><\/p>\n<p><span style=\"font-weight: 400;\">\u00a0<\/span><\/p>\n<h3><strong>Project Assistance<\/strong><\/h3>\n<p><span style=\"font-weight: 400;\">Antonia Maisch<\/span><\/p>\n<p><span style=\"font-weight: 400;\">Claire Mothais\u00a0<\/span><\/p>\n<p><span style=\"font-weight: 400;\">Inga Nake<\/span><\/p>\n<p><span style=\"font-weight: 400;\">Bianca Quasebarth<\/span><\/p>\n<p>Selina Redeker<\/p>\n<p>Leonie Steudle<\/p>\n<p><span style=\"font-weight: 400;\">\u00a0<\/span><\/p>\n<h3><strong>Contact<\/strong><\/h3>\n<p><span style=\"font-weight: 400;\">Info [at] plastischedemokratie.de<\/span><\/p>\n<p>&nbsp;<\/p>\n<p>&nbsp;<\/p>\n<p>&nbsp;<\/p>\n<h1><strong>FUNDING<\/strong><\/h1>\n<p><span style=\"font-weight: 400;\">\u00bbSculptural Democracy\u00ab is a project of the Heinrich Heine University D\u00fcsseldorf and the project team \u00bbbeuys 2021\u00ab with the Kunstakademie D\u00fcsseldorf and raumlaborberlin.<\/span><\/p>\n<p><span style=\"font-weight: 400;\">It takes place as part of the anniversary program \u00bbbeuys 2021\u00ab, a project of the Ministry of Culture and Science of the State of North Rhine-Westphalia in cooperation with Heinrich Heine University D\u00fcsseldorf and under the artistic direction of Catherine Nichols and Eugen Blume.<\/span><\/p>\n<p>&nbsp;<\/p>\n<p><img loading=\"lazy\" decoding=\"async\" class=\"alignnone size-medium wp-image-314\" src=\"https:\/\/www.plastischedemokratie.de\/wp-content\/uploads\/2021\/06\/beuys2021_logoleiste-300x43.jpg\" alt=\"\" width=\"300\" height=\"43\" srcset=\"https:\/\/www.plastischedemokratie.de\/wp-content\/uploads\/2021\/06\/beuys2021_logoleiste-300x43.jpg 300w, https:\/\/www.plastischedemokratie.de\/wp-content\/uploads\/2021\/06\/beuys2021_logoleiste-1024x148.jpg 1024w, https:\/\/www.plastischedemokratie.de\/wp-content\/uploads\/2021\/06\/beuys2021_logoleiste-768x111.jpg 768w, https:\/\/www.plastischedemokratie.de\/wp-content\/uploads\/2021\/06\/beuys2021_logoleiste-1536x221.jpg 1536w, https:\/\/www.plastischedemokratie.de\/wp-content\/uploads\/2021\/06\/beuys2021_logoleiste-2048x295.jpg 2048w, https:\/\/www.plastischedemokratie.de\/wp-content\/uploads\/2021\/06\/beuys2021_logoleiste-16x2.jpg 16w, https:\/\/www.plastischedemokratie.de\/wp-content\/uploads\/2021\/06\/beuys2021_logoleiste-1920x277.jpg 1920w, https:\/\/www.plastischedemokratie.de\/wp-content\/uploads\/2021\/06\/beuys2021_logoleiste-1280x184.jpg 1280w, https:\/\/www.plastischedemokratie.de\/wp-content\/uploads\/2021\/06\/beuys2021_logoleiste-512x74.jpg 512w, https:\/\/www.plastischedemokratie.de\/wp-content\/uploads\/2021\/06\/beuys2021_logoleiste-256x37.jpg 256w\" sizes=\"auto, (max-width: 300px) 100vw, 300px\" \/><\/p>\n<p>&nbsp;<\/p>\n<p><span style=\"font-weight: 400;\">\u00bbSculptural Democracy\u00ab is supported by the Kulturstiftung des Bundes, the Ministry of Culture and Science of the State of North Rhine-Westphalia and the Gerda Henkel Stiftung.<\/span><\/p>\n<p><span style=\"font-weight: 400;\"><img loading=\"lazy\" decoding=\"async\" class=\"alignnone size-medium wp-image-316\" src=\"https:\/\/www.plastischedemokratie.de\/wp-content\/uploads\/2021\/06\/kulturstiftung-des-bundes-logo-vector-300x167.png\" alt=\"\" width=\"300\" height=\"167\" srcset=\"https:\/\/www.plastischedemokratie.de\/wp-content\/uploads\/2021\/06\/kulturstiftung-des-bundes-logo-vector-300x167.png 300w, https:\/\/www.plastischedemokratie.de\/wp-content\/uploads\/2021\/06\/kulturstiftung-des-bundes-logo-vector-768x427.png 768w, https:\/\/www.plastischedemokratie.de\/wp-content\/uploads\/2021\/06\/kulturstiftung-des-bundes-logo-vector-16x9.png 16w, https:\/\/www.plastischedemokratie.de\/wp-content\/uploads\/2021\/06\/kulturstiftung-des-bundes-logo-vector-512x284.png 512w, https:\/\/www.plastischedemokratie.de\/wp-content\/uploads\/2021\/06\/kulturstiftung-des-bundes-logo-vector-256x142.png 256w, https:\/\/www.plastischedemokratie.de\/wp-content\/uploads\/2021\/06\/kulturstiftung-des-bundes-logo-vector.png 900w\" sizes=\"auto, (max-width: 300px) 100vw, 300px\" \/><\/span><\/p>\n<p><span style=\"font-weight: 400;\"><img loading=\"lazy\" decoding=\"async\" class=\"alignnone wp-image-320\" src=\"https:\/\/www.plastischedemokratie.de\/wp-content\/uploads\/2021\/06\/MKW_NRW_Logo_Internetseite_Titelbild_2590x960-300x113.jpeg\" alt=\"\" width=\"287\" height=\"109\" srcset=\"https:\/\/www.plastischedemokratie.de\/wp-content\/uploads\/2021\/06\/MKW_NRW_Logo_Internetseite_Titelbild_2590x960-300x113.jpeg 300w, https:\/\/www.plastischedemokratie.de\/wp-content\/uploads\/2021\/06\/MKW_NRW_Logo_Internetseite_Titelbild_2590x960-768x288.jpeg 768w, https:\/\/www.plastischedemokratie.de\/wp-content\/uploads\/2021\/06\/MKW_NRW_Logo_Internetseite_Titelbild_2590x960-16x6.jpeg 16w, https:\/\/www.plastischedemokratie.de\/wp-content\/uploads\/2021\/06\/MKW_NRW_Logo_Internetseite_Titelbild_2590x960-512x192.jpeg 512w, https:\/\/www.plastischedemokratie.de\/wp-content\/uploads\/2021\/06\/MKW_NRW_Logo_Internetseite_Titelbild_2590x960-256x96.jpeg 256w, https:\/\/www.plastischedemokratie.de\/wp-content\/uploads\/2021\/06\/MKW_NRW_Logo_Internetseite_Titelbild_2590x960.jpeg 960w\" sizes=\"auto, (max-width: 287px) 100vw, 287px\" \/><\/span><\/p>\n<p><span style=\"font-weight: 400;\"><img loading=\"lazy\" decoding=\"async\" class=\"alignnone size-medium wp-image-319\" src=\"https:\/\/www.plastischedemokratie.de\/wp-content\/uploads\/2021\/06\/GHS_Logo_jpg__de-300x47.jpg\" alt=\"\" width=\"300\" height=\"47\" srcset=\"https:\/\/www.plastischedemokratie.de\/wp-content\/uploads\/2021\/06\/GHS_Logo_jpg__de-300x47.jpg 300w, https:\/\/www.plastischedemokratie.de\/wp-content\/uploads\/2021\/06\/GHS_Logo_jpg__de-768x120.jpg 768w, https:\/\/www.plastischedemokratie.de\/wp-content\/uploads\/2021\/06\/GHS_Logo_jpg__de-16x3.jpg 16w, https:\/\/www.plastischedemokratie.de\/wp-content\/uploads\/2021\/06\/GHS_Logo_jpg__de-512x80.jpg 512w, https:\/\/www.plastischedemokratie.de\/wp-content\/uploads\/2021\/06\/GHS_Logo_jpg__de-256x40.jpg 256w, https:\/\/www.plastischedemokratie.de\/wp-content\/uploads\/2021\/06\/GHS_Logo_jpg__de.jpg 1024w\" sizes=\"auto, (max-width: 300px) 100vw, 300px\" \/><\/span><\/p>\n<p>&nbsp;<\/p>\n<p>&nbsp;<\/p>\n<h1><strong>IMPRINT<\/strong><\/h1>\n<h3><strong>Concept<\/strong><\/h3>\n<p>Projectteam \u00bbbeuys 2021\u00ab<\/p>\n<p>raumlaborberlin<\/p>\n<p><strong>\u00a0<\/strong><\/p>\n<h3><strong>Editing<\/strong><\/h3>\n<p>Anne-Marie Franz<\/p>\n<p>Miriam Kassens<\/p>\n<p>Inga Nake<\/p>\n<p>Antonia Maisch<\/p>\n<p>Bianca Quasebarth<\/p>\n<p><strong>\u00a0<\/strong><\/p>\n<h3><strong>Concept and design<\/strong><\/h3>\n<p>Manuel B\u00fcrger with Roxy Zeiher (The Laboratory of Manuel B\u00fcrger)<\/p>\n<p><strong>\u00a0<\/strong><\/p>\n<h3><strong>Implementation<\/strong><\/h3>\n<p><span style=\"font-weight: 400;\">Marius Jopen (THE_PEOPLE\u00b0)<\/span><\/p>\n<p>&nbsp;<\/p>\n<p>&nbsp;<\/p>\n<h2><strong>Privacy policy<\/strong><\/h2>\n<p>&nbsp;<\/p>\n<h3><strong>Data protection and data storage<\/strong><\/h3>\n<p>The website <a href=\"https:\/\/www.plastischedemokratie.de\/en\/\">www.plastischedemokratie.de<\/a> is part of the project of the same name at Heinrich Heine University D\u00fcsseldorf and \u00bbbeuys 2021\u00ab (a project of the Ministry of Culture and Science of the North Rhine-Westphalia) in cooperation with the Kunstakademie D\u00fcsseldorf and raumlaborberlin. It is subject to the provisions of the EU General Data Protection Regulation (DS-GVO) and the NRW Data Protection Act. It is ensured that the regulations on data protection are also observed by external service providers involved.<\/p>\n<p>&nbsp;<\/p>\n<h4><strong>Data protection supervisor<\/strong><\/h4>\n<p>The data protection supervisor at Heinrich Heine University D\u00fcsseldorf can be reached by e-mail at <a href=\"mailto:datenschutz@hhu.de\">datenschutz@hhu.de<\/a> or via +49 211 81-13060<\/p>\n<p>&nbsp;<\/p>\n<h3><strong>Personal data<\/strong><\/h3>\n<p>Personal data refers to information about the personal and factual circumstances of an identified or identifiable natural person. This can be, for example, information on name, address, postal address or telephone number. Personal data does not include information that does not allow conclusions to be drawn about your identity, such as the number of users of the website.<\/p>\n<p>Personal data is collected when you use our information service. This is already necessary for technical reasons in order to provide you with all the functionalities of our website and the security of our offer (legal basis is Art. 6 para. 1 p. 1 lit. e DSGVO).<\/p>\n<p>However, personal data is not stored by the website operators.<\/p>\n<p>&nbsp;<\/p>\n<h3>Internet offer<\/h3>\n<h4>Protocol or log files<\/h4>\n<p>&nbsp;<\/p>\n<p>The Internet offer www.plastischedemokratie.de is hosted by DreamHost.<\/p>\n<p>DreamHost<\/p>\n<p>PMB #257<br \/>\n417 Associated Road<br \/>\nBrea, CA 92821<\/p>\n<p><a href=\"mailto:support@dreamhost.com\">support@dreamhost.com<\/a><\/p>\n<p><a href=\"https:\/\/www.dreamhost.com\/\">https:\/\/www.dreamhost.com\/<\/a><\/p>\n<p>&nbsp;<\/p>\n<p>Whenever content of the Internet offer is accessed, data is temporarily stored there via so-called protocol or log files, which may allow identification. The following data is collected each time the Internet site is accessed:<\/p>\n<p>_Date and time of the call<\/p>\n<p>_Name of the Internet service called up, the resource called up and the action used<\/p>\n<p>_query made by the client<\/p>\n<p>_amount of data transferred<\/p>\n<p>_message whether the retrieval was successful<\/p>\n<p>_IP address of the calling computer<\/p>\n<p>_client information (including browser, operating system)<\/p>\n<p>These data from the protocol or log files are used for the defense and analysis of attacks on the portal and are stored up to 7 days directly and exclusively accessible to administrators. After that, they are only indirectly available via the reconstruction of backup tapes and are finally deleted after six weeks.<\/p>\n<p>&nbsp;<\/p>\n<h4>Use of cookies<\/h4>\n<p>No cookies are stored on this website.<\/p>\n<p>&nbsp;<\/p>\n<h4>Disclosure of personal data<\/h4>\n<p>No personal data is stored or passed on.<\/p>\n<p>&nbsp;<\/p>\n<h4>Links to other websites<\/h4>\n<p>This website contains links to other websites. We have no influence on the compliance with data protection regulations of the operators.<\/p>\n<p>We also have no influence on the content of these external websites. When setting up the link, we carefully check the contents. However, we cannot guarantee the accuracy and completeness of external offers. External providers can change their content at any time without the knowledge of the editors.<\/p>\n<p>&nbsp;<\/p>\n<h3>Copyright<\/h3>\n<p>Unless otherwise stated, the copyright for texts, graphics, images, design and source code is held by the project team \u00bbSculptural Democracy\u00ab. The use or distribution is not allowed without explicit permission.<\/p>\n<p>&nbsp;<\/p>\n<h3>Eingebundenen externe Inhalte<\/h3>\n<ol>\n<li>a) Umfang der Datenverarbeitung<\/li>\n<\/ol>\n<p>Wir nutzen auf unserer Website Social Plugins verschiedener Anbieter. Wenn Sie eine Website von uns aufrufen, die ein solches Plugin enth\u00e4lt, baut Ihr Browser eine direkte Verbindung mit den Servern des betreffenden Anbieters auf. Der Inhalt des Plugins wird von dem Anbieter direkt an Ihren Browser \u00fcbermittelt und von diesem in die Website eingebunden.<\/p>\n<p>Durch die Einbindung der Plugins erh\u00e4lt der Anbieter die Information, dass Sie die entsprechende Seite unseres Internetauftritts aufgerufen haben. Sind Sie bei dem jeweiligen Anbieter eingeloggt, hat dieser die M\u00f6glichkeit, diese Information Ihrem Konto zuzuordnen.<\/p>\n<p>&nbsp;<\/p>\n<p>Youtube:<\/p>\n<p><a href=\"https:\/\/www.youtube.com\/t\/terms\">Nutzungsbedingungen<\/a><\/p>\n<p><a href=\"https:\/\/policies.google.com\/privacy?hl=de&amp;gl=de\">Datenschutzrichtlinie (Google\/Youtube)<\/a><\/p>\n<p>&nbsp;<\/p>\n<ol>\n<li>b) Rechtsgrundlage der Verarbeitung<\/li>\n<\/ol>\n<p>Rechtsgrundlage f\u00fcr die Verarbeitung der Daten ist Art. 6 Abs. 1 lit. a DSGVO.<\/p>\n<p>&nbsp;<\/p>\n<p>&nbsp;<\/p>\n<h3><strong>General information on data protection<\/strong><\/h3>\n<h4>Your rights<\/h4>\n<p><em>Right to complain to the competent supervisory authority<\/em><br \/>\nIn the event of violations of data protection law, you have the right to lodge a complaint with the competent supervisory authority. The competent supervisory authority in matters of data protection law is the data protection supervisor of the Heinrich Heine University D\u00fcsseldorf.<\/p>\n<p>You have the following rights vis-\u00e0-vis us with regard to the personal data concerning you:<\/p>\n<p>_Right to information<\/p>\n<p>_Right to correction or deletion<\/p>\n<p>_Right to object to processing<\/p>\n<p>_Right to restriction of processing<\/p>\n<p>_Right to data portability<\/p>\n<p>&nbsp;<\/p>\n<h4>General<\/h4>\n<p>In the course of the further development of the Internet offer, changes to this data protection declaration may also become necessary. We therefore recommend that you read the data protection declaration again from time to time.<\/p>\n<p>General information on data protection can be found on the website of the data protection officer of the Heinrich Heine University D\u00fcsseldorf:<\/p>\n<p>&nbsp;<\/p>\n<p>You can find the imprint <a href=\"https:\/\/www.plastischedemokratie.de\/en\/kontakt-imprint\/\">here<\/a>.<\/p>\n<p>&nbsp;<\/p>\n<p>&nbsp;<\/p>\n<p>&nbsp;<\/p>\n<p>&nbsp;<\/p>\n<p>&nbsp;<\/p>\n<p>&nbsp;<\/p>","protected":false},"excerpt":{"rendered":"<p>KONTAKT K\u00fcnstlerische Leitung Prof. Dr. Eugen Blume (beuys 2021) Dr. Catherine Nichols (beuys 2021) Prof. Markus Bader (raumlaborberlin) Frauke Gerstenberg (raumlaborberlin) Andrea Hofmann (raumlaborberlin) Prof. Dr. Ludger Schwarte (Kunstakademie D\u00fcsseldorf) Prof. Dr. Timo Skrandies (Heinrich-Heine-Universit\u00e4t D\u00fcsseldorf) \u00a0 Projektleitung Anne-Marie Franz Miriam Kassens \u00a0 Mitarbeit Antonia Maisch Claire Mothais\u00a0 Inga Nake Bianca Quasebarth Selina Redeker Leonie [&hellip;]<\/p>","protected":false},"author":1,"featured_media":0,"parent":0,"menu_order":0,"comment_status":"closed","ping_status":"closed","template":"","meta":{"footnotes":""},"class_list":["post-27","page","type-page","status-publish","hentry"],"_links":{"self":[{"href":"https:\/\/www.plastischedemokratie.de\/en\/wp-json\/wp\/v2\/pages\/27","targetHints":{"allow":["GET"]}}],"collection":[{"href":"https:\/\/www.plastischedemokratie.de\/en\/wp-json\/wp\/v2\/pages"}],"about":[{"href":"https:\/\/www.plastischedemokratie.de\/en\/wp-json\/wp\/v2\/types\/page"}],"author":[{"embeddable":true,"href":"https:\/\/www.plastischedemokratie.de\/en\/wp-json\/wp\/v2\/users\/1"}],"replies":[{"embeddable":true,"href":"https:\/\/www.plastischedemokratie.de\/en\/wp-json\/wp\/v2\/comments?post=27"}],"version-history":[{"count":10,"href":"https:\/\/www.plastischedemokratie.de\/en\/wp-json\/wp\/v2\/pages\/27\/revisions"}],"predecessor-version":[{"id":712,"href":"https:\/\/www.plastischedemokratie.de\/en\/wp-json\/wp\/v2\/pages\/27\/revisions\/712"}],"wp:attachment":[{"href":"https:\/\/www.plastischedemokratie.de\/en\/wp-json\/wp\/v2\/media?parent=27"}],"curies":[{"name":"wp","href":"https:\/\/api.w.org\/{rel}","templated":true}]}}